{"id":2359,"date":"2015-03-13T11:22:09","date_gmt":"2015-03-13T11:22:09","guid":{"rendered":"http:\/\/demo-content.kaliumtheme.com\/architecture\/?page_id=2359"},"modified":"2018-01-29T16:11:39","modified_gmt":"2018-01-29T15:11:39","slug":"studio","status":"publish","type":"page","link":"https:\/\/www.csmgmbh.de\/index.php\/studio\/","title":{"rendered":"B\u00fcro"},"content":{"rendered":"<p>[vc_row][vc_column width=&#8221;2\/3&#8243;][vc_column_text]<\/p>\n<h2>Philosophie<\/h2>\n<p style=\"text-align: justify;\">Unser Ziel ist es jedem einzelnen Bauherren ein Haus zu bauen, welches seine W\u00fcnsche bestm\u00f6glich ber\u00fccksichtigt und dabei einen Mehrwert an Lebensqualit\u00e4t schafft. Denn gutes und auch gesundes Wohnen ist von zentraler Bedeutung f\u00fcr den Menschen. Wir sind der festen \u00dcberzeugung, dass Lebens- und Wohnqualit\u00e4t bereits damit anf\u00e4ngt, dass jeder Entwurf erst einmal mit der Frage nach den Bed\u00fcrfnissen der zuk\u00fcnftigen Bewohner beginnt. Erst dann folgt die erste Skizze. Dabei startet jedes Projekt bei Null. Wir gehen individuell auf Standort, Budget und \u00f6rtliche Einschr\u00e4nkungen ein, denn ein gutes Haus reagiert auf seine Umgebung. Ganz im Gegensatz zu einem Standard- oder Kataloghaus.<\/p>\n<p style=\"text-align: justify;\">Und da jeder Mensch anders ist, ist auch jeder Entwurf anders. Dabei basieren unsere modernen Neubauten immer auf dem Wissen \u00fcber zeitgem\u00e4\u00dfe, nachhaltige und energieeffiziente Baukonstruktionen, die so individuell sind wie die Bauherren selbst. Durch die Vielzahl an Projekten die realisiert wurden, haben sich \u00fcber die Jahre ein breites Leistungsspektrum, flexibles Denken und rasche L\u00f6sungen etabliert, die uns dabei helfen, schnell und kompetent auf die W\u00fcnsche unserer Bauherren einzugehen. Dabei steht neben dem Menschen nat\u00fcrlich auch die wirtschaftlichen Ergebnisse im Mittelpunkt. \u00c4sthetik und Funktion in einem gemeinsamen Bauwerk zu vereinen, sind Herausforderungen, die wir als Architekten lieben.<\/p>\n<p>[\/vc_column_text][\/vc_column][vc_column width=&#8221;1\/3&#8243;][vc_single_image image=&#8221;4078&#8243; img_size=&#8221;full&#8221; alignment=&#8221;center&#8221; css=&#8221;.vc_custom_1517238158565{padding-top: 50px !important;}&#8221;][\/vc_column][\/vc_row][vc_row parallax_enable=&#8221;yes&#8221; parallax_ratio=&#8221;0.9&#8243; css=&#8221;.vc_custom_1507790183207{margin-bottom: 0px !important;padding-top: 50px !important;}&#8221;][vc_column width=&#8221;1\/3&#8243; reveal_effect=&#8221;fadeIn&#8221; reveal_duration=&#8221;1&#8243; css=&#8221;.vc_custom_1508159103651{padding-top: 0px !important;padding-right: 15px !important;padding-bottom: 35px !important;padding-left: 15px !important;}&#8221;][vc_single_image image=&#8221;3837&#8243; img_size=&#8221;full&#8221; css=&#8221;.vc_custom_1517238164396{padding-top: 50px !important;}&#8221;][\/vc_column][vc_column width=&#8221;2\/3&#8243;][vc_column_text]<\/p>\n<h2>Leistungen<\/h2>\n<p style=\"text-align: justify;\">Unser B\u00fcro ist in allen Leistungsphasen der HOAI t\u00e4tig. Dar\u00fcber hinaus wird unser Service durch Angebote wie die Gebrauchthauskaufberatung, Projektentwicklung und Beratung erg\u00e4nzt. Wir\u00a0verstehen uns dabei als Dienstleister der es schafft, alle am Bau beteiligten so zu b\u00fcndeln, dass objektspezifische und erfahrene Kompetenzteams entstehen. Dabei gr\u00fcndet das Fundament immer auf der\u00a0gestalterischen Perfektion, der\u00a0kosteneffizienten Wirtschaftlichkeit und der \u00f6kologischen Nachhaltigkeit. Die Bauherren werden von der ersten Idee bis weit \u00fcber die Fertigstellung des Bauvorhabens begleitet und beraten. In Zusammenarbeit mit Fachexperten, werden Sie so, weit \u00fcber das \u00fcbliche Ma\u00df hin unterst\u00fctzt. Um dieses Ziel zu erreichen, werden neben dem Architekten auch Finanzierungsberater, Tragwerksplaner, Elektroplaner, Haustechniker\u00a0oder Generalunternehmer zu Rate gezogen.<\/p>\n<p style=\"text-align: justify;\">Da wir uns jeden Bau so zu Herzen nehmen, als wenn wir unser eigenes Eigenheim bauen w\u00fcrden, endet bei uns\u00a0die Beratung nicht bei der Konstruktion, denn zu einem Haus geh\u00f6rt auch das Leben mit dem Sie es f\u00fcllen. Deshalb begleiten wir Sie auch bei allen Fragen rund um Fliesen, Farben, Einrichtung und K\u00fcchen. Je nachdem, in welchen Bereichen Sie unsere Hilfe ben\u00f6tigen.<\/p>\n<p>[\/vc_column_text][\/vc_column][\/vc_row]<\/p>\n","protected":false},"excerpt":{"rendered":"<p>[vc_row][vc_column width=&#8221;2\/3&#8243;][vc_column_text] Philosophie Unser Ziel ist es jedem einzelnen Bauherren ein Haus zu bauen, welches seine W\u00fcnsche bestm\u00f6glich ber\u00fccksichtigt und dabei einen Mehrwert an Lebensqualit\u00e4t schafft. Denn gutes und auch gesundes Wohnen ist von zentraler Bedeutung f\u00fcr den Menschen. Wir sind der festen \u00dcberzeugung, dass Lebens- und Wohnqualit\u00e4t bereits damit anf\u00e4ngt, dass jeder Entwurf erst&hellip;<\/p>\n","protected":false},"author":2,"featured_media":0,"parent":0,"menu_order":0,"comment_status":"open","ping_status":"closed","template":"","meta":[],"_links":{"self":[{"href":"https:\/\/www.csmgmbh.de\/index.php\/wp-json\/wp\/v2\/pages\/2359"}],"collection":[{"href":"https:\/\/www.csmgmbh.de\/index.php\/wp-json\/wp\/v2\/pages"}],"about":[{"href":"https:\/\/www.csmgmbh.de\/index.php\/wp-json\/wp\/v2\/types\/page"}],"author":[{"embeddable":true,"href":"https:\/\/www.csmgmbh.de\/index.php\/wp-json\/wp\/v2\/users\/2"}],"replies":[{"embeddable":true,"href":"https:\/\/www.csmgmbh.de\/index.php\/wp-json\/wp\/v2\/comments?post=2359"}],"version-history":[{"count":69,"href":"https:\/\/www.csmgmbh.de\/index.php\/wp-json\/wp\/v2\/pages\/2359\/revisions"}],"predecessor-version":[{"id":4095,"href":"https:\/\/www.csmgmbh.de\/index.php\/wp-json\/wp\/v2\/pages\/2359\/revisions\/4095"}],"wp:attachment":[{"href":"https:\/\/www.csmgmbh.de\/index.php\/wp-json\/wp\/v2\/media?parent=2359"}],"curies":[{"name":"wp","href":"https:\/\/api.w.org\/{rel}","templated":true}]}}